{"id":10327,"date":"2026-03-06T11:53:41","date_gmt":"2026-03-06T08:53:41","guid":{"rendered":"https:\/\/www.ucay.com.tr\/sik-sorulan-sorular\/"},"modified":"2026-03-12T12:35:53","modified_gmt":"2026-03-12T09:35:53","slug":"frequently-asked-questions","status":"publish","type":"page","link":"https:\/\/www.ucay.com.tr\/en\/frequently-asked-questions\/","title":{"rendered":"Frequently Asked Questions"},"content":{"rendered":"\t\t<div data-elementor-type=\"wp-page\" data-elementor-id=\"10327\" class=\"elementor elementor-10327 elementor-10295\" data-elementor-post-type=\"page\">\n\t\t\t\t\t\t<section class=\"elementor-section elementor-top-section elementor-element elementor-element-7f06f1b20 elementor-section-boxed elementor-section-height-default elementor-section-height-default wpr-particle-no wpr-jarallax-no wpr-parallax-no wpr-sticky-section-no\" data-id=\"7f06f1b20\" data-element_type=\"section\" data-e-type=\"section\">\n\t\t\t\t\t\t<div class=\"elementor-container elementor-column-gap-default\">\n\t\t\t\t\t<div class=\"elementor-column elementor-col-100 elementor-top-column elementor-element elementor-element-1a316c72\" data-id=\"1a316c72\" data-element_type=\"column\" data-e-type=\"column\">\n\t\t\t<div class=\"elementor-widget-wrap elementor-element-populated\">\n\t\t\t\t\t\t<section class=\"elementor-section elementor-inner-section elementor-element elementor-element-7608f9ad elementor-section-boxed elementor-section-height-default elementor-section-height-default wpr-particle-no wpr-jarallax-no wpr-parallax-no wpr-sticky-section-no\" data-id=\"7608f9ad\" data-element_type=\"section\" data-e-type=\"section\">\n\t\t\t\t\t\t<div class=\"elementor-container elementor-column-gap-default\">\n\t\t\t\t\t<div class=\"elementor-column elementor-col-100 elementor-inner-column elementor-element elementor-element-3dcab9dc\" data-id=\"3dcab9dc\" data-element_type=\"column\" data-e-type=\"column\">\n\t\t\t<div class=\"elementor-widget-wrap elementor-element-populated\">\n\t\t\t\t\t\t<div class=\"elementor-element elementor-element-62ab9601 elementor-widget elementor-widget-accordion\" data-id=\"62ab9601\" data-element_type=\"widget\" data-e-type=\"widget\" data-widget_type=\"accordion.default\">\n\t\t\t\t<div class=\"elementor-widget-container\">\n\t\t\t\t\t\t\t<div class=\"elementor-accordion\">\n\t\t\t\t\t\t\t<div class=\"elementor-accordion-item\">\n\t\t\t\t\t<div id=\"elementor-tab-title-1651\" class=\"elementor-tab-title\" data-tab=\"1\" role=\"button\" aria-controls=\"elementor-tab-content-1651\" aria-expanded=\"false\">\n\t\t\t\t\t\t\t\t\t\t\t\t\t<span class=\"elementor-accordion-icon elementor-accordion-icon-right\" aria-hidden=\"true\">\n\t\t\t\t\t\t\t\t\t\t\t\t\t\t\t<span class=\"elementor-accordion-icon-closed\"><i class=\"fas fa-caret-down\"><\/i><\/span>\n\t\t\t\t\t\t\t\t<span class=\"elementor-accordion-icon-opened\"><i class=\"fas fa-caret-up\"><\/i><\/span>\n\t\t\t\t\t\t\t\t\t\t\t\t\t\t<\/span>\n\t\t\t\t\t\t\t\t\t\t\t\t<a class=\"elementor-accordion-title\" tabindex=\"0\">What is the partnership structure of \u00dc\u00e7ay M\u00fchendislik Enerji ve \u0130klimlendirme Teknolojileri Joint Stock Company?<\/a>\n\t\t\t\t\t<\/div>\n\t\t\t\t\t<div id=\"elementor-tab-content-1651\" class=\"elementor-tab-content elementor-clearfix\" data-tab=\"1\" role=\"region\" aria-labelledby=\"elementor-tab-title-1651\"><p>You can access the partnership structure of \u00dc\u00e7ay M\u00fchendislik Enerji ve \u0130klimlendirme Teknolojileri Joint Stock Company at the following <a href=\"https:\/\/www.ucay.com.tr\/en\/corporate-governance\/#y2\">LINK<\/a>.<\/p><\/div>\n\t\t\t\t<\/div>\n\t\t\t\t\t\t\t<div class=\"elementor-accordion-item\">\n\t\t\t\t\t<div id=\"elementor-tab-title-1652\" class=\"elementor-tab-title\" data-tab=\"2\" role=\"button\" aria-controls=\"elementor-tab-content-1652\" aria-expanded=\"false\">\n\t\t\t\t\t\t\t\t\t\t\t\t\t<span class=\"elementor-accordion-icon elementor-accordion-icon-right\" aria-hidden=\"true\">\n\t\t\t\t\t\t\t\t\t\t\t\t\t\t\t<span class=\"elementor-accordion-icon-closed\"><i class=\"fas fa-caret-down\"><\/i><\/span>\n\t\t\t\t\t\t\t\t<span class=\"elementor-accordion-icon-opened\"><i class=\"fas fa-caret-up\"><\/i><\/span>\n\t\t\t\t\t\t\t\t\t\t\t\t\t\t<\/span>\n\t\t\t\t\t\t\t\t\t\t\t\t<a class=\"elementor-accordion-title\" tabindex=\"0\">When was \u00dc\u00e7ay M\u00fchendislik Enerji ve \u0130klimlendirme Teknolojileri Joint Stock Company offered to the public, and on which stock exchange are its shares traded?<\/a>\n\t\t\t\t\t<\/div>\n\t\t\t\t\t<div id=\"elementor-tab-content-1652\" class=\"elementor-tab-content elementor-clearfix\" data-tab=\"2\" role=\"region\" aria-labelledby=\"elementor-tab-title-1652\"><p>The shares of \u00dc\u00e7ay M\u00fchendislik Enerji ve \u0130klimlendirme Teknolojileri Joint Stock Company have been traded on Borsa \u0130stanbul A.\u015e. Main Market with the ticker code \u201cUCAYM\u201d and the continuous trading method since January 22, 2026.<\/p><\/div>\n\t\t\t\t<\/div>\n\t\t\t\t\t\t\t<div class=\"elementor-accordion-item\">\n\t\t\t\t\t<div id=\"elementor-tab-title-1653\" class=\"elementor-tab-title\" data-tab=\"3\" role=\"button\" aria-controls=\"elementor-tab-content-1653\" aria-expanded=\"false\">\n\t\t\t\t\t\t\t\t\t\t\t\t\t<span class=\"elementor-accordion-icon elementor-accordion-icon-right\" aria-hidden=\"true\">\n\t\t\t\t\t\t\t\t\t\t\t\t\t\t\t<span class=\"elementor-accordion-icon-closed\"><i class=\"fas fa-caret-down\"><\/i><\/span>\n\t\t\t\t\t\t\t\t<span class=\"elementor-accordion-icon-opened\"><i class=\"fas fa-caret-up\"><\/i><\/span>\n\t\t\t\t\t\t\t\t\t\t\t\t\t\t<\/span>\n\t\t\t\t\t\t\t\t\t\t\t\t<a class=\"elementor-accordion-title\" tabindex=\"0\">What is the free float ratio of \u00dc\u00e7ay M\u00fchendislik Enerji ve \u0130klimlendirme Teknolojileri Joint Stock Company?<\/a>\n\t\t\t\t\t<\/div>\n\t\t\t\t\t<div id=\"elementor-tab-content-1653\" class=\"elementor-tab-content elementor-clearfix\" data-tab=\"3\" role=\"region\" aria-labelledby=\"elementor-tab-title-1653\"><p>26.66% of \u00dc\u00e7ay M\u00fchendislik Enerji ve \u0130klimlendirme Teknolojileri Joint Stock Company is publicly traded.<\/p><\/div>\n\t\t\t\t<\/div>\n\t\t\t\t\t\t\t<div class=\"elementor-accordion-item\">\n\t\t\t\t\t<div id=\"elementor-tab-title-1654\" class=\"elementor-tab-title\" data-tab=\"4\" role=\"button\" aria-controls=\"elementor-tab-content-1654\" aria-expanded=\"false\">\n\t\t\t\t\t\t\t\t\t\t\t\t\t<span class=\"elementor-accordion-icon elementor-accordion-icon-right\" aria-hidden=\"true\">\n\t\t\t\t\t\t\t\t\t\t\t\t\t\t\t<span class=\"elementor-accordion-icon-closed\"><i class=\"fas fa-caret-down\"><\/i><\/span>\n\t\t\t\t\t\t\t\t<span class=\"elementor-accordion-icon-opened\"><i class=\"fas fa-caret-up\"><\/i><\/span>\n\t\t\t\t\t\t\t\t\t\t\t\t\t\t<\/span>\n\t\t\t\t\t\t\t\t\t\t\t\t<a class=\"elementor-accordion-title\" tabindex=\"0\">What is the capital structure and paid-in capital of \u00dc\u00e7ay M\u00fchendislik Enerji ve \u0130klimlendirme Teknolojileri Joint Stock Company?<\/a>\n\t\t\t\t\t<\/div>\n\t\t\t\t\t<div id=\"elementor-tab-content-1654\" class=\"elementor-tab-content elementor-clearfix\" data-tab=\"4\" role=\"region\" aria-labelledby=\"elementor-tab-title-1654\"><p>You can access the capital structure and paid-in capital of \u00dc\u00e7ay M\u00fchendislik Enerji ve \u0130klimlendirme Teknolojileri Joint Stock Company at the following <a href=\"https:\/\/www.ucay.com.tr\/en\/corporate-governance\/#y2\">LINK<\/a>.<\/p><\/div>\n\t\t\t\t<\/div>\n\t\t\t\t\t\t\t<div class=\"elementor-accordion-item\">\n\t\t\t\t\t<div id=\"elementor-tab-title-1655\" class=\"elementor-tab-title\" data-tab=\"5\" role=\"button\" aria-controls=\"elementor-tab-content-1655\" aria-expanded=\"false\">\n\t\t\t\t\t\t\t\t\t\t\t\t\t<span class=\"elementor-accordion-icon elementor-accordion-icon-right\" aria-hidden=\"true\">\n\t\t\t\t\t\t\t\t\t\t\t\t\t\t\t<span class=\"elementor-accordion-icon-closed\"><i class=\"fas fa-caret-down\"><\/i><\/span>\n\t\t\t\t\t\t\t\t<span class=\"elementor-accordion-icon-opened\"><i class=\"fas fa-caret-up\"><\/i><\/span>\n\t\t\t\t\t\t\t\t\t\t\t\t\t\t<\/span>\n\t\t\t\t\t\t\t\t\t\t\t\t<a class=\"elementor-accordion-title\" tabindex=\"0\">Where can I access the public offering prospectus of \u00dc\u00e7ay M\u00fchendislik Enerji ve \u0130klimlendirme Teknolojileri Joint Stock Company?<\/a>\n\t\t\t\t\t<\/div>\n\t\t\t\t\t<div id=\"elementor-tab-content-1655\" class=\"elementor-tab-content elementor-clearfix\" data-tab=\"5\" role=\"region\" aria-labelledby=\"elementor-tab-title-1655\"><p>You can access the public offering prospectus of M\u00fchendislik Enerji ve \u0130klimlendirme Teknolojileri Joint Stock Company at the following <a href=\"https:\/\/www.ucay.com.tr\/en\/public-offering-information\/#h1\">LINK<\/a>.<\/p><\/div>\n\t\t\t\t<\/div>\n\t\t\t\t\t\t\t<div class=\"elementor-accordion-item\">\n\t\t\t\t\t<div id=\"elementor-tab-title-1656\" class=\"elementor-tab-title\" data-tab=\"6\" role=\"button\" aria-controls=\"elementor-tab-content-1656\" aria-expanded=\"false\">\n\t\t\t\t\t\t\t\t\t\t\t\t\t<span class=\"elementor-accordion-icon elementor-accordion-icon-right\" aria-hidden=\"true\">\n\t\t\t\t\t\t\t\t\t\t\t\t\t\t\t<span class=\"elementor-accordion-icon-closed\"><i class=\"fas fa-caret-down\"><\/i><\/span>\n\t\t\t\t\t\t\t\t<span class=\"elementor-accordion-icon-opened\"><i class=\"fas fa-caret-up\"><\/i><\/span>\n\t\t\t\t\t\t\t\t\t\t\t\t\t\t<\/span>\n\t\t\t\t\t\t\t\t\t\t\t\t<a class=\"elementor-accordion-title\" tabindex=\"0\">Where can I access the Articles of Association of \u00dc\u00e7ay M\u00fchendislik Enerji ve \u0130klimlendirme Teknolojileri Joint Stock Company?<\/a>\n\t\t\t\t\t<\/div>\n\t\t\t\t\t<div id=\"elementor-tab-content-1656\" class=\"elementor-tab-content elementor-clearfix\" data-tab=\"6\" role=\"region\" aria-labelledby=\"elementor-tab-title-1656\"><p>You can access the Articles of Association of \u00dc\u00e7ay M\u00fchendislik Enerji ve \u0130klimlendirme Teknolojileri Joint Stock Company at the following <a href=\"https:\/\/www.ucay.com.tr\/en\/public-offering-information\/#h2\">LINK<\/a>.<\/p><\/div>\n\t\t\t\t<\/div>\n\t\t\t\t\t\t\t<div class=\"elementor-accordion-item\">\n\t\t\t\t\t<div id=\"elementor-tab-title-1657\" class=\"elementor-tab-title\" data-tab=\"7\" role=\"button\" aria-controls=\"elementor-tab-content-1657\" aria-expanded=\"false\">\n\t\t\t\t\t\t\t\t\t\t\t\t\t<span class=\"elementor-accordion-icon elementor-accordion-icon-right\" aria-hidden=\"true\">\n\t\t\t\t\t\t\t\t\t\t\t\t\t\t\t<span class=\"elementor-accordion-icon-closed\"><i class=\"fas fa-caret-down\"><\/i><\/span>\n\t\t\t\t\t\t\t\t<span class=\"elementor-accordion-icon-opened\"><i class=\"fas fa-caret-up\"><\/i><\/span>\n\t\t\t\t\t\t\t\t\t\t\t\t\t\t<\/span>\n\t\t\t\t\t\t\t\t\t\t\t\t<a class=\"elementor-accordion-title\" tabindex=\"0\">Where can I access the dividend distribution policy of \u00dc\u00e7ay M\u00fchendislik Enerji ve \u0130klimlendirme Teknolojileri Joint Stock Company?<\/a>\n\t\t\t\t\t<\/div>\n\t\t\t\t\t<div id=\"elementor-tab-content-1657\" class=\"elementor-tab-content elementor-clearfix\" data-tab=\"7\" role=\"region\" aria-labelledby=\"elementor-tab-title-1657\"><p>You can access the dividend distribution policy of \u00dc\u00e7ay M\u00fchendislik Enerji ve \u0130klimlendirme Teknolojileri Joint Stock Company at the following <a href=\"https:\/\/www.ucay.com.tr\/en\/corporate-governance\/#y5\">LINK<\/a>.<\/p><\/div>\n\t\t\t\t<\/div>\n\t\t\t\t\t\t\t<div class=\"elementor-accordion-item\">\n\t\t\t\t\t<div id=\"elementor-tab-title-1658\" class=\"elementor-tab-title\" data-tab=\"8\" role=\"button\" aria-controls=\"elementor-tab-content-1658\" aria-expanded=\"false\">\n\t\t\t\t\t\t\t\t\t\t\t\t\t<span class=\"elementor-accordion-icon elementor-accordion-icon-right\" aria-hidden=\"true\">\n\t\t\t\t\t\t\t\t\t\t\t\t\t\t\t<span class=\"elementor-accordion-icon-closed\"><i class=\"fas fa-caret-down\"><\/i><\/span>\n\t\t\t\t\t\t\t\t<span class=\"elementor-accordion-icon-opened\"><i class=\"fas fa-caret-up\"><\/i><\/span>\n\t\t\t\t\t\t\t\t\t\t\t\t\t\t<\/span>\n\t\t\t\t\t\t\t\t\t\t\t\t<a class=\"elementor-accordion-title\" tabindex=\"0\">How can I access the announcements made to the public by \u00dc\u00e7ay M\u00fchendislik Enerji ve \u0130klimlendirme Teknolojileri Joint Stock Company?<\/a>\n\t\t\t\t\t<\/div>\n\t\t\t\t\t<div id=\"elementor-tab-content-1658\" class=\"elementor-tab-content elementor-clearfix\" data-tab=\"8\" role=\"region\" aria-labelledby=\"elementor-tab-title-1658\"><p>You can access our announcements and material event disclosures at the following <a href=\"https:\/\/www.ucay.com.tr\/en\/special-situation-disclosures\/\">LINK<\/a>.<\/p><\/div>\n\t\t\t\t<\/div>\n\t\t\t\t\t\t\t<div class=\"elementor-accordion-item\">\n\t\t\t\t\t<div id=\"elementor-tab-title-1659\" class=\"elementor-tab-title\" data-tab=\"9\" role=\"button\" aria-controls=\"elementor-tab-content-1659\" aria-expanded=\"false\">\n\t\t\t\t\t\t\t\t\t\t\t\t\t<span class=\"elementor-accordion-icon elementor-accordion-icon-right\" aria-hidden=\"true\">\n\t\t\t\t\t\t\t\t\t\t\t\t\t\t\t<span class=\"elementor-accordion-icon-closed\"><i class=\"fas fa-caret-down\"><\/i><\/span>\n\t\t\t\t\t\t\t\t<span class=\"elementor-accordion-icon-opened\"><i class=\"fas fa-caret-up\"><\/i><\/span>\n\t\t\t\t\t\t\t\t\t\t\t\t\t\t<\/span>\n\t\t\t\t\t\t\t\t\t\t\t\t<a class=\"elementor-accordion-title\" tabindex=\"0\">Who are the members of the Board of Directors of \u00dc\u00e7ay M\u00fchendislik Enerji ve \u0130klimlendirme Teknolojileri Joint Stock Company?<\/a>\n\t\t\t\t\t<\/div>\n\t\t\t\t\t<div id=\"elementor-tab-content-1659\" class=\"elementor-tab-content elementor-clearfix\" data-tab=\"9\" role=\"region\" aria-labelledby=\"elementor-tab-title-1659\"><p>Chairman of the Board of Directors: Ayhan Karacabey<\/p><p>Vice Chairman of the Board of Directors: Mustafa Bozkurt<\/p><p>Member of the Board of Directors and CFO: Ozan Eren<\/p><p>Independent Member of the Board of Directors: Ay\u015fe Seda \u00d6nen<\/p><p>Independent Member of the Board of Directors: Dursun Saat<\/p><\/div>\n\t\t\t\t<\/div>\n\t\t\t\t\t\t\t<div class=\"elementor-accordion-item\">\n\t\t\t\t\t<div id=\"elementor-tab-title-16510\" class=\"elementor-tab-title\" data-tab=\"10\" role=\"button\" aria-controls=\"elementor-tab-content-16510\" aria-expanded=\"false\">\n\t\t\t\t\t\t\t\t\t\t\t\t\t<span class=\"elementor-accordion-icon elementor-accordion-icon-right\" aria-hidden=\"true\">\n\t\t\t\t\t\t\t\t\t\t\t\t\t\t\t<span class=\"elementor-accordion-icon-closed\"><i class=\"fas fa-caret-down\"><\/i><\/span>\n\t\t\t\t\t\t\t\t<span class=\"elementor-accordion-icon-opened\"><i class=\"fas fa-caret-up\"><\/i><\/span>\n\t\t\t\t\t\t\t\t\t\t\t\t\t\t<\/span>\n\t\t\t\t\t\t\t\t\t\t\t\t<a class=\"elementor-accordion-title\" tabindex=\"0\">Where can I access the annual reports of \u00dc\u00e7ay M\u00fchendislik Enerji ve \u0130klimlendirme Teknolojileri Joint Stock Company?<\/a>\n\t\t\t\t\t<\/div>\n\t\t\t\t\t<div id=\"elementor-tab-content-16510\" class=\"elementor-tab-content elementor-clearfix\" data-tab=\"10\" role=\"region\" aria-labelledby=\"elementor-tab-title-16510\"><p>You can access the annual report of \u00dc\u00e7ay M\u00fchendislik Enerji ve \u0130klimlendirme Teknolojileri Joint Stock Company at the relevant <a href=\"https:\/\/www.ucay.com.tr\/wp-content\/uploads\/2026\/03\/ucay_faaliyet_Raporu_compressed.pdf\">LINK<\/a> address.<\/p><\/div>\n\t\t\t\t<\/div>\n\t\t\t\t\t\t\t<div class=\"elementor-accordion-item\">\n\t\t\t\t\t<div id=\"elementor-tab-title-16511\" class=\"elementor-tab-title\" data-tab=\"11\" role=\"button\" aria-controls=\"elementor-tab-content-16511\" aria-expanded=\"false\">\n\t\t\t\t\t\t\t\t\t\t\t\t\t<span class=\"elementor-accordion-icon elementor-accordion-icon-right\" aria-hidden=\"true\">\n\t\t\t\t\t\t\t\t\t\t\t\t\t\t\t<span class=\"elementor-accordion-icon-closed\"><i class=\"fas fa-caret-down\"><\/i><\/span>\n\t\t\t\t\t\t\t\t<span class=\"elementor-accordion-icon-opened\"><i class=\"fas fa-caret-up\"><\/i><\/span>\n\t\t\t\t\t\t\t\t\t\t\t\t\t\t<\/span>\n\t\t\t\t\t\t\t\t\t\t\t\t<a class=\"elementor-accordion-title\" tabindex=\"0\">Who can shareholders contact for questions and opinions regarding \u00dc\u00e7ay M\u00fchendislik Enerji ve \u0130klimlendirme Teknolojileri Joint Stock Company?<\/a>\n\t\t\t\t\t<\/div>\n\t\t\t\t\t<div id=\"elementor-tab-content-16511\" class=\"elementor-tab-content elementor-clearfix\" data-tab=\"11\" role=\"region\" aria-labelledby=\"elementor-tab-title-16511\"><p>Shareholders can contact Investor Relations for their questions via e-mail at <a href=\"mailto:yatirimciiliskileri@ucay.com.tr\">yatirimciiliskileri@ucay.com.tr<\/a>.<\/p><\/div>\n\t\t\t\t<\/div>\n\t\t\t\t\t\t\t\t<\/div>\n\t\t\t\t\t\t<\/div>\n\t\t\t\t<\/div>\n\t\t\t\t\t<\/div>\n\t\t<\/div>\n\t\t\t\t\t<\/div>\n\t\t<\/section>\n\t\t\t\t\t<\/div>\n\t\t<\/div>\n\t\t\t\t\t<\/div>\n\t\t<\/section>\n\t\t\t\t<\/div>\n\t\t","protected":false},"excerpt":{"rendered":"<p>What is the partnership structure of \u00dc\u00e7ay M\u00fchendislik Enerji ve \u0130klimlendirme Teknolojileri Joint Stock Company? You can access the partnership structure of \u00dc\u00e7ay M\u00fchendislik Enerji ve \u0130klimlendirme Teknolojileri Joint Stock Company at the following LINK. When was \u00dc\u00e7ay M\u00fchendislik Enerji ve \u0130klimlendirme Teknolojileri Joint Stock Company offered to the public, and on which stock exchange are its shares traded? The shares of \u00dc\u00e7ay M\u00fchendislik Enerji ve \u0130klimlendirme Teknolojileri Joint Stock Company have been traded on Borsa \u0130stanbul A.\u015e. Main Market with the ticker code \u201cUCAYM\u201d and the continuous trading method since January 22, 2026. What is the free float ratio of \u00dc\u00e7ay M\u00fchendislik Enerji ve \u0130klimlendirme Teknolojileri Joint Stock Company? 26.66% of \u00dc\u00e7ay M\u00fchendislik Enerji ve \u0130klimlendirme Teknolojileri Joint Stock Company is publicly traded. What is the capital structure and paid-in capital of \u00dc\u00e7ay M\u00fchendislik Enerji ve \u0130klimlendirme Teknolojileri Joint Stock Company? You can access the capital structure and paid-in capital of \u00dc\u00e7ay M\u00fchendislik Enerji ve \u0130klimlendirme Teknolojileri Joint Stock Company at the following LINK. Where can I access the public offering prospectus of \u00dc\u00e7ay M\u00fchendislik Enerji ve \u0130klimlendirme Teknolojileri Joint Stock Company? You can access the public offering prospectus of M\u00fchendislik Enerji ve \u0130klimlendirme Teknolojileri Joint Stock Company at the following LINK. Where can I access the Articles of Association of \u00dc\u00e7ay M\u00fchendislik Enerji ve \u0130klimlendirme Teknolojileri Joint Stock Company? You can access the Articles of Association of \u00dc\u00e7ay M\u00fchendislik Enerji ve \u0130klimlendirme Teknolojileri Joint Stock Company at the following LINK. Where can I access the dividend distribution policy of \u00dc\u00e7ay M\u00fchendislik Enerji ve \u0130klimlendirme Teknolojileri Joint Stock Company? You can access the dividend distribution policy of \u00dc\u00e7ay M\u00fchendislik Enerji ve \u0130klimlendirme Teknolojileri Joint Stock Company at the following LINK. How can I access the announcements made to the public by \u00dc\u00e7ay M\u00fchendislik Enerji ve \u0130klimlendirme Teknolojileri Joint Stock Company? You can access our announcements and material event disclosures at the following LINK. Who are the members of the Board of Directors of \u00dc\u00e7ay M\u00fchendislik Enerji ve \u0130klimlendirme Teknolojileri Joint Stock Company? Chairman of the Board of Directors: Ayhan Karacabey Vice Chairman of the Board of Directors: Mustafa Bozkurt Member of the Board of Directors and CFO: Ozan Eren Independent Member of the Board of Directors: Ay\u015fe Seda \u00d6nen Independent Member of the Board of Directors: Dursun Saat Where can I access the annual reports of \u00dc\u00e7ay M\u00fchendislik Enerji ve \u0130klimlendirme Teknolojileri Joint Stock Company? You can access the annual report of \u00dc\u00e7ay M\u00fchendislik Enerji ve \u0130klimlendirme Teknolojileri Joint Stock Company at the relevant LINK address. Who can shareholders contact for questions and opinions regarding \u00dc\u00e7ay M\u00fchendislik Enerji ve \u0130klimlendirme Teknolojileri Joint Stock Company? Shareholders can contact Investor Relations for their questions via e-mail at yatirimciiliskileri@ucay.com.tr.<\/p>\n","protected":false},"author":4,"featured_media":0,"parent":0,"menu_order":0,"comment_status":"closed","ping_status":"closed","template":"elementor_header_footer","meta":{"om_disable_all_campaigns":false,"_monsterinsights_skip_tracking":false,"_monsterinsights_sitenote_active":false,"_monsterinsights_sitenote_note":"","_monsterinsights_sitenote_category":0,"_uf_show_specific_survey":0,"_uf_disable_surveys":false,"footnotes":""},"class_list":["post-10327","page","type-page","status-publish","hentry"],"acf":[],"aioseo_notices":[],"_links":{"self":[{"href":"https:\/\/www.ucay.com.tr\/en\/wp-json\/wp\/v2\/pages\/10327","targetHints":{"allow":["GET"]}}],"collection":[{"href":"https:\/\/www.ucay.com.tr\/en\/wp-json\/wp\/v2\/pages"}],"about":[{"href":"https:\/\/www.ucay.com.tr\/en\/wp-json\/wp\/v2\/types\/page"}],"author":[{"embeddable":true,"href":"https:\/\/www.ucay.com.tr\/en\/wp-json\/wp\/v2\/users\/4"}],"replies":[{"embeddable":true,"href":"https:\/\/www.ucay.com.tr\/en\/wp-json\/wp\/v2\/comments?post=10327"}],"version-history":[{"count":31,"href":"https:\/\/www.ucay.com.tr\/en\/wp-json\/wp\/v2\/pages\/10327\/revisions"}],"predecessor-version":[{"id":10442,"href":"https:\/\/www.ucay.com.tr\/en\/wp-json\/wp\/v2\/pages\/10327\/revisions\/10442"}],"wp:attachment":[{"href":"https:\/\/www.ucay.com.tr\/en\/wp-json\/wp\/v2\/media?parent=10327"}],"curies":[{"name":"wp","href":"https:\/\/api.w.org\/{rel}","templated":true}]}}