{"id":8763,"date":"2025-09-19T12:28:02","date_gmt":"2025-09-19T09:28:02","guid":{"rendered":"https:\/\/www.ucay.com.tr\/ali-ayhan-olcer-mugla-mes-ges-3304-kwp\/"},"modified":"2025-11-07T21:13:59","modified_gmt":"2025-11-07T18:13:59","slug":"ali-ayhan-olcer-mugla-mes-ges-3304-kwp","status":"publish","type":"page","link":"https:\/\/www.ucay.com.tr\/en\/ali-ayhan-olcer-mugla-mes-ges-3304-kwp\/","title":{"rendered":"Ali Ayhan \u00d6l\u00e7er &#8211; Mu\u011fla &#8211; MES GES &#8211; 33.04 kWp"},"content":{"rendered":"\t\t<div data-elementor-type=\"wp-page\" data-elementor-id=\"8763\" class=\"elementor elementor-8763 elementor-7058\" data-elementor-post-type=\"page\">\n\t\t\t\t\t\t<section class=\"elementor-section elementor-top-section elementor-element elementor-element-5b5f576 elementor-section-boxed elementor-section-height-default elementor-section-height-default wpr-particle-no wpr-jarallax-no wpr-parallax-no wpr-sticky-section-no\" data-id=\"5b5f576\" data-element_type=\"section\" data-e-type=\"section\">\n\t\t\t\t\t\t<div class=\"elementor-container elementor-column-gap-default\">\n\t\t\t\t\t<div class=\"elementor-column elementor-col-66 elementor-top-column elementor-element elementor-element-485831c\" data-id=\"485831c\" data-element_type=\"column\" data-e-type=\"column\">\n\t\t\t<div class=\"elementor-widget-wrap elementor-element-populated\">\n\t\t\t\t\t\t<div class=\"elementor-element elementor-element-f8b7ad3 elementor-arrows-position-inside elementor-pagination-position-outside elementor-widget elementor-widget-image-carousel\" data-id=\"f8b7ad3\" data-element_type=\"widget\" data-e-type=\"widget\" data-settings=\"{&quot;slides_to_show&quot;:&quot;1&quot;,&quot;navigation&quot;:&quot;both&quot;,&quot;infinite&quot;:&quot;yes&quot;,&quot;effect&quot;:&quot;slide&quot;,&quot;speed&quot;:500}\" data-widget_type=\"image-carousel.default\">\n\t\t\t\t<div class=\"elementor-widget-container\">\n\t\t\t\t\t\t\t<div class=\"elementor-image-carousel-wrapper swiper\" role=\"region\" aria-roledescription=\"carousel\" aria-label=\"Image Carousel\" dir=\"ltr\">\n\t\t\t<div class=\"elementor-image-carousel swiper-wrapper\" aria-live=\"polite\">\n\t\t\t\t\t\t\t\t<div class=\"swiper-slide\" role=\"group\" aria-roledescription=\"slide\" aria-label=\"1 of 9\"><figure class=\"swiper-slide-inner\"><img decoding=\"async\" class=\"swiper-slide-image\" src=\"https:\/\/www.ucay.com.tr\/wp-content\/uploads\/2025\/09\/WhatsApp-Image-2025-07-25-at-19.28.59-1.jpeg\" alt=\"WhatsApp Image 2025-07-25 at 19.28.59 (1)\" \/><\/figure><\/div><div class=\"swiper-slide\" role=\"group\" aria-roledescription=\"slide\" aria-label=\"2 of 9\"><figure class=\"swiper-slide-inner\"><img decoding=\"async\" class=\"swiper-slide-image\" src=\"https:\/\/www.ucay.com.tr\/wp-content\/uploads\/2025\/09\/WhatsApp-Image-2025-07-25-at-19.28.59.jpeg\" alt=\"WhatsApp Image 2025-07-25 at 19.28.59\" \/><\/figure><\/div><div class=\"swiper-slide\" role=\"group\" aria-roledescription=\"slide\" aria-label=\"3 of 9\"><figure class=\"swiper-slide-inner\"><img decoding=\"async\" class=\"swiper-slide-image\" src=\"https:\/\/www.ucay.com.tr\/wp-content\/uploads\/2025\/09\/WhatsApp-Image-2025-07-25-at-19.29.00-1.jpeg\" alt=\"WhatsApp Image 2025-07-25 at 19.29.00 (1)\" \/><\/figure><\/div><div class=\"swiper-slide\" role=\"group\" aria-roledescription=\"slide\" aria-label=\"4 of 9\"><figure class=\"swiper-slide-inner\"><img decoding=\"async\" class=\"swiper-slide-image\" src=\"https:\/\/www.ucay.com.tr\/wp-content\/uploads\/2025\/09\/WhatsApp-Image-2025-07-25-at-19.29.00-2.jpeg\" alt=\"WhatsApp Image 2025-07-25 at 19.29.00 (2)\" \/><\/figure><\/div><div class=\"swiper-slide\" role=\"group\" aria-roledescription=\"slide\" aria-label=\"5 of 9\"><figure class=\"swiper-slide-inner\"><img decoding=\"async\" class=\"swiper-slide-image\" src=\"https:\/\/www.ucay.com.tr\/wp-content\/uploads\/2025\/09\/WhatsApp-Image-2025-07-25-at-19.29.00-3.jpeg\" alt=\"WhatsApp Image 2025-07-25 at 19.29.00 (3)\" \/><\/figure><\/div><div class=\"swiper-slide\" role=\"group\" aria-roledescription=\"slide\" aria-label=\"6 of 9\"><figure class=\"swiper-slide-inner\"><img decoding=\"async\" class=\"swiper-slide-image\" src=\"https:\/\/www.ucay.com.tr\/wp-content\/uploads\/2025\/09\/WhatsApp-Image-2025-07-25-at-19.29.00-4.jpeg\" alt=\"WhatsApp Image 2025-07-25 at 19.29.00 (4)\" \/><\/figure><\/div><div class=\"swiper-slide\" role=\"group\" aria-roledescription=\"slide\" aria-label=\"7 of 9\"><figure class=\"swiper-slide-inner\"><img decoding=\"async\" class=\"swiper-slide-image\" src=\"https:\/\/www.ucay.com.tr\/wp-content\/uploads\/2025\/09\/WhatsApp-Image-2025-07-25-at-19.29.00-5.jpeg\" alt=\"WhatsApp Image 2025-07-25 at 19.29.00 (5)\" \/><\/figure><\/div><div class=\"swiper-slide\" role=\"group\" aria-roledescription=\"slide\" aria-label=\"8 of 9\"><figure class=\"swiper-slide-inner\"><img decoding=\"async\" class=\"swiper-slide-image\" src=\"https:\/\/www.ucay.com.tr\/wp-content\/uploads\/2025\/09\/WhatsApp-Image-2025-07-25-at-19.29.00-6.jpeg\" alt=\"WhatsApp Image 2025-07-25 at 19.29.00 (6)\" \/><\/figure><\/div><div class=\"swiper-slide\" role=\"group\" aria-roledescription=\"slide\" aria-label=\"9 of 9\"><figure class=\"swiper-slide-inner\"><img decoding=\"async\" class=\"swiper-slide-image\" src=\"https:\/\/www.ucay.com.tr\/wp-content\/uploads\/2025\/09\/WhatsApp-Image-2025-07-25-at-19.29.00.jpeg\" alt=\"WhatsApp Image 2025-07-25 at 19.29.00\" \/><\/figure><\/div>\t\t\t<\/div>\n\t\t\t\t\t\t\t\t\t\t\t\t<div class=\"elementor-swiper-button elementor-swiper-button-prev\" role=\"button\" tabindex=\"0\">\n\t\t\t\t\t\t<i aria-hidden=\"true\" class=\"eicon-chevron-left\"><\/i>\t\t\t\t\t<\/div>\n\t\t\t\t\t<div class=\"elementor-swiper-button elementor-swiper-button-next\" role=\"button\" tabindex=\"0\">\n\t\t\t\t\t\t<i aria-hidden=\"true\" class=\"eicon-chevron-right\"><\/i>\t\t\t\t\t<\/div>\n\t\t\t\t\n\t\t\t\t\t\t\t\t\t<div class=\"swiper-pagination\"><\/div>\n\t\t\t\t\t\t\t\t\t<\/div>\n\t\t\t\t\t\t<\/div>\n\t\t\t\t<\/div>\n\t\t\t\t\t<\/div>\n\t\t<\/div>\n\t\t\t\t<div class=\"elementor-column elementor-col-33 elementor-top-column elementor-element elementor-element-1153bf90\" data-id=\"1153bf90\" data-element_type=\"column\" data-e-type=\"column\">\n\t\t\t<div class=\"elementor-widget-wrap elementor-element-populated\">\n\t\t\t\t\t\t<div class=\"elementor-element elementor-element-3d5631f8 elementor-widget elementor-widget-text-editor\" data-id=\"3d5631f8\" data-element_type=\"widget\" data-e-type=\"widget\" data-widget_type=\"text-editor.default\">\n\t\t\t\t<div class=\"elementor-widget-container\">\n\t\t\t\t\t\t\t\t\t<section class=\"project-info\" style=\"text-align:center;\">\n  <p style=\"font-weight:bold; color:#333333;\">Project Owner<\/p>\n  <p style=\"color:#7a7a7a; margin-bottom:20px;\">Ali Ayhan \u00d6l\u00e7er<\/p>\n\n  <p style=\"font-weight:bold; color:#333333;\">Project Name<\/p>\n  <p style=\"color:#7a7a7a; margin-bottom:20px;\">Ali Ayhan \u00d6l\u00e7er \u2013 MES Solar Power Plant Project<\/p>\n\n  <p style=\"font-weight:bold; color:#333333;\">Field of Activity<\/p>\n  <p style=\"color:#7a7a7a; margin-bottom:20px;\">MES Solar Power System<\/p>\n\n  <p style=\"font-weight:bold; color:#333333;\">City \/ District<\/p>\n  <p style=\"color:#7a7a7a; margin-bottom:20px;\">Mu\u011fla \/ Bodrum<\/p>\n\n  <p style=\"font-weight:bold; color:#333333;\">Project Capacity<\/p>\n  <p style=\"color:#7a7a7a;\">33.04 kWp<\/p>\n<\/section>\n\t\t\t\t\t\t\t\t<\/div>\n\t\t\t\t<\/div>\n\t\t\t\t\t<\/div>\n\t\t<\/div>\n\t\t\t\t\t<\/div>\n\t\t<\/section>\n\t\t\t\t<\/div>\n\t\t","protected":false},"excerpt":{"rendered":"<p>Project Owner Ali Ayhan \u00d6l\u00e7er Project Name Ali Ayhan \u00d6l\u00e7er \u2013 MES Solar Power Plant Project Field of Activity MES Solar Power System City \/ District Mu\u011fla \/ Bodrum Project Capacity 33.04 kWp<\/p>\n","protected":false},"author":4,"featured_media":0,"parent":0,"menu_order":0,"comment_status":"closed","ping_status":"closed","template":"page-templates\/template-fullwidth.php","meta":{"om_disable_all_campaigns":false,"_monsterinsights_skip_tracking":false,"_monsterinsights_sitenote_active":false,"_monsterinsights_sitenote_note":"","_monsterinsights_sitenote_category":0,"_uf_show_specific_survey":0,"_uf_disable_surveys":false,"footnotes":""},"class_list":["post-8763","page","type-page","status-publish","hentry"],"acf":[],"aioseo_notices":[],"_links":{"self":[{"href":"https:\/\/www.ucay.com.tr\/en\/wp-json\/wp\/v2\/pages\/8763","targetHints":{"allow":["GET"]}}],"collection":[{"href":"https:\/\/www.ucay.com.tr\/en\/wp-json\/wp\/v2\/pages"}],"about":[{"href":"https:\/\/www.ucay.com.tr\/en\/wp-json\/wp\/v2\/types\/page"}],"author":[{"embeddable":true,"href":"https:\/\/www.ucay.com.tr\/en\/wp-json\/wp\/v2\/users\/4"}],"replies":[{"embeddable":true,"href":"https:\/\/www.ucay.com.tr\/en\/wp-json\/wp\/v2\/comments?post=8763"}],"version-history":[{"count":4,"href":"https:\/\/www.ucay.com.tr\/en\/wp-json\/wp\/v2\/pages\/8763\/revisions"}],"predecessor-version":[{"id":8767,"href":"https:\/\/www.ucay.com.tr\/en\/wp-json\/wp\/v2\/pages\/8763\/revisions\/8767"}],"wp:attachment":[{"href":"https:\/\/www.ucay.com.tr\/en\/wp-json\/wp\/v2\/media?parent=8763"}],"curies":[{"name":"wp","href":"https:\/\/api.w.org\/{rel}","templated":true}]}}