{"id":8768,"date":"2025-09-22T11:56:46","date_gmt":"2025-09-22T08:56:46","guid":{"rendered":"https:\/\/www.ucay.com.tr\/hakan-kilic-mugla-mesken-ges-2730-kwp\/"},"modified":"2025-11-07T21:15:50","modified_gmt":"2025-11-07T18:15:50","slug":"hakan-kilic-mugla-mesken-ges-2730-kwp","status":"publish","type":"page","link":"https:\/\/www.ucay.com.tr\/en\/hakan-kilic-mugla-mesken-ges-2730-kwp\/","title":{"rendered":"Hakan K\u0131l\u0131\u00e7 Mu\u011fla &#8211; Residential Solar Power Plant &#8211; 27.30 kWp"},"content":{"rendered":"\t\t<div data-elementor-type=\"wp-page\" data-elementor-id=\"8768\" class=\"elementor elementor-8768 elementor-7100\" data-elementor-post-type=\"page\">\n\t\t\t\t\t\t<section class=\"elementor-section elementor-top-section elementor-element elementor-element-5b5f576 elementor-section-boxed elementor-section-height-default elementor-section-height-default wpr-particle-no wpr-jarallax-no wpr-parallax-no wpr-sticky-section-no\" data-id=\"5b5f576\" data-element_type=\"section\" data-e-type=\"section\">\n\t\t\t\t\t\t<div class=\"elementor-container elementor-column-gap-default\">\n\t\t\t\t\t<div class=\"elementor-column elementor-col-66 elementor-top-column elementor-element elementor-element-485831c\" data-id=\"485831c\" data-element_type=\"column\" data-e-type=\"column\">\n\t\t\t<div class=\"elementor-widget-wrap elementor-element-populated\">\n\t\t\t\t\t\t<div class=\"elementor-element elementor-element-f8b7ad3 elementor-arrows-position-inside elementor-pagination-position-outside elementor-widget elementor-widget-image-carousel\" data-id=\"f8b7ad3\" data-element_type=\"widget\" data-e-type=\"widget\" data-settings=\"{&quot;slides_to_show&quot;:&quot;1&quot;,&quot;navigation&quot;:&quot;both&quot;,&quot;infinite&quot;:&quot;yes&quot;,&quot;effect&quot;:&quot;slide&quot;,&quot;speed&quot;:500}\" data-widget_type=\"image-carousel.default\">\n\t\t\t\t<div class=\"elementor-widget-container\">\n\t\t\t\t\t\t\t<div class=\"elementor-image-carousel-wrapper swiper\" role=\"region\" aria-roledescription=\"carousel\" aria-label=\"Image Carousel\" dir=\"ltr\">\n\t\t\t<div class=\"elementor-image-carousel swiper-wrapper\" aria-live=\"polite\">\n\t\t\t\t\t\t\t\t<div class=\"swiper-slide\" role=\"group\" aria-roledescription=\"slide\" aria-label=\"1 of 43\"><figure class=\"swiper-slide-inner\"><img decoding=\"async\" class=\"swiper-slide-image\" src=\"https:\/\/www.ucay.com.tr\/wp-content\/uploads\/2025\/09\/WhatsApp-Gorsel-2024-06-12-saat-09.54.11_6df7b9fd.jpg\" alt=\"WhatsApp G\u00f6rsel 2024-06-12 saat 09.54.11_6df7b9fd\" \/><\/figure><\/div><div class=\"swiper-slide\" role=\"group\" aria-roledescription=\"slide\" aria-label=\"2 of 43\"><figure class=\"swiper-slide-inner\"><img decoding=\"async\" class=\"swiper-slide-image\" src=\"https:\/\/www.ucay.com.tr\/wp-content\/uploads\/2025\/09\/WhatsApp-Gorsel-2024-06-12-saat-09.54.11_6e7d0acb.jpg\" alt=\"WhatsApp G\u00f6rsel 2024-06-12 saat 09.54.11_6e7d0acb\" \/><\/figure><\/div><div class=\"swiper-slide\" role=\"group\" aria-roledescription=\"slide\" aria-label=\"3 of 43\"><figure class=\"swiper-slide-inner\"><img decoding=\"async\" class=\"swiper-slide-image\" src=\"https:\/\/www.ucay.com.tr\/wp-content\/uploads\/2025\/09\/WhatsApp-Gorsel-2024-06-12-saat-09.54.11_9205c16a.jpg\" alt=\"WhatsApp G\u00f6rsel 2024-06-12 saat 09.54.11_9205c16a\" \/><\/figure><\/div><div class=\"swiper-slide\" role=\"group\" aria-roledescription=\"slide\" aria-label=\"4 of 43\"><figure class=\"swiper-slide-inner\"><img decoding=\"async\" class=\"swiper-slide-image\" src=\"https:\/\/www.ucay.com.tr\/wp-content\/uploads\/2025\/09\/WhatsApp-Gorsel-2024-06-12-saat-09.54.11_f2143773.jpg\" alt=\"WhatsApp G\u00f6rsel 2024-06-12 saat 09.54.11_f2143773\" \/><\/figure><\/div><div class=\"swiper-slide\" role=\"group\" aria-roledescription=\"slide\" aria-label=\"5 of 43\"><figure class=\"swiper-slide-inner\"><img decoding=\"async\" class=\"swiper-slide-image\" src=\"https:\/\/www.ucay.com.tr\/wp-content\/uploads\/2025\/09\/WhatsApp-Gorsel-2024-06-12-saat-09.56.30_5fcbb12f.jpg\" alt=\"WhatsApp G\u00f6rsel 2024-06-12 saat 09.56.30_5fcbb12f\" \/><\/figure><\/div><div class=\"swiper-slide\" role=\"group\" aria-roledescription=\"slide\" aria-label=\"6 of 43\"><figure class=\"swiper-slide-inner\"><img decoding=\"async\" class=\"swiper-slide-image\" src=\"https:\/\/www.ucay.com.tr\/wp-content\/uploads\/2025\/09\/WhatsApp-Gorsel-2024-06-12-saat-09.56.30_291687a2.jpg\" alt=\"WhatsApp G\u00f6rsel 2024-06-12 saat 09.56.30_291687a2\" \/><\/figure><\/div><div class=\"swiper-slide\" role=\"group\" aria-roledescription=\"slide\" aria-label=\"7 of 43\"><figure class=\"swiper-slide-inner\"><img decoding=\"async\" class=\"swiper-slide-image\" src=\"https:\/\/www.ucay.com.tr\/wp-content\/uploads\/2025\/09\/WhatsApp-Gorsel-2024-06-12-saat-09.56.30_ecf50c4f.jpg\" alt=\"WhatsApp G\u00f6rsel 2024-06-12 saat 09.56.30_ecf50c4f\" \/><\/figure><\/div><div class=\"swiper-slide\" role=\"group\" aria-roledescription=\"slide\" aria-label=\"8 of 43\"><figure class=\"swiper-slide-inner\"><img decoding=\"async\" class=\"swiper-slide-image\" src=\"https:\/\/www.ucay.com.tr\/wp-content\/uploads\/2025\/09\/WhatsApp-Gorsel-2024-06-12-saat-09.56.31_1a6ed737.jpg\" alt=\"WhatsApp G\u00f6rsel 2024-06-12 saat 09.56.31_1a6ed737\" \/><\/figure><\/div><div class=\"swiper-slide\" role=\"group\" aria-roledescription=\"slide\" aria-label=\"9 of 43\"><figure class=\"swiper-slide-inner\"><img decoding=\"async\" class=\"swiper-slide-image\" src=\"https:\/\/www.ucay.com.tr\/wp-content\/uploads\/2025\/09\/WhatsApp-Gorsel-2024-06-12-saat-09.56.31_9f76deb0.jpg\" alt=\"WhatsApp G\u00f6rsel 2024-06-12 saat 09.56.31_9f76deb0\" \/><\/figure><\/div><div class=\"swiper-slide\" role=\"group\" aria-roledescription=\"slide\" aria-label=\"10 of 43\"><figure class=\"swiper-slide-inner\"><img decoding=\"async\" class=\"swiper-slide-image\" src=\"https:\/\/www.ucay.com.tr\/wp-content\/uploads\/2025\/09\/WhatsApp-Gorsel-2024-06-12-saat-09.56.32_4ced2da8.jpg\" alt=\"WhatsApp G\u00f6rsel 2024-06-12 saat 09.56.32_4ced2da8\" \/><\/figure><\/div><div class=\"swiper-slide\" role=\"group\" aria-roledescription=\"slide\" aria-label=\"11 of 43\"><figure class=\"swiper-slide-inner\"><img decoding=\"async\" class=\"swiper-slide-image\" src=\"https:\/\/www.ucay.com.tr\/wp-content\/uploads\/2025\/09\/WhatsApp-Gorsel-2024-06-12-saat-09.56.32_f58a5c41.jpg\" alt=\"WhatsApp G\u00f6rsel 2024-06-12 saat 09.56.32_f58a5c41\" \/><\/figure><\/div><div class=\"swiper-slide\" role=\"group\" aria-roledescription=\"slide\" aria-label=\"12 of 43\"><figure class=\"swiper-slide-inner\"><img decoding=\"async\" class=\"swiper-slide-image\" src=\"https:\/\/www.ucay.com.tr\/wp-content\/uploads\/2025\/09\/WhatsApp-Gorsel-2024-06-12-saat-09.56.33_55b20f51.jpg\" alt=\"WhatsApp G\u00f6rsel 2024-06-12 saat 09.56.33_55b20f51\" \/><\/figure><\/div><div class=\"swiper-slide\" role=\"group\" aria-roledescription=\"slide\" aria-label=\"13 of 43\"><figure class=\"swiper-slide-inner\"><img decoding=\"async\" class=\"swiper-slide-image\" src=\"https:\/\/www.ucay.com.tr\/wp-content\/uploads\/2025\/09\/WhatsApp-Gorsel-2024-06-12-saat-09.56.33_d0e29869.jpg\" alt=\"WhatsApp G\u00f6rsel 2024-06-12 saat 09.56.33_d0e29869\" \/><\/figure><\/div><div class=\"swiper-slide\" role=\"group\" aria-roledescription=\"slide\" aria-label=\"14 of 43\"><figure class=\"swiper-slide-inner\"><img decoding=\"async\" class=\"swiper-slide-image\" src=\"https:\/\/www.ucay.com.tr\/wp-content\/uploads\/2025\/09\/WhatsApp-Gorsel-2024-06-12-saat-09.56.34_53f06045.jpg\" alt=\"WhatsApp G\u00f6rsel 2024-06-12 saat 09.56.34_53f06045\" \/><\/figure><\/div><div class=\"swiper-slide\" role=\"group\" aria-roledescription=\"slide\" aria-label=\"15 of 43\"><figure class=\"swiper-slide-inner\"><img decoding=\"async\" class=\"swiper-slide-image\" src=\"https:\/\/www.ucay.com.tr\/wp-content\/uploads\/2025\/09\/WhatsApp-Gorsel-2024-06-12-saat-09.56.34_300ec7ed.jpg\" alt=\"WhatsApp G\u00f6rsel 2024-06-12 saat 09.56.34_300ec7ed\" \/><\/figure><\/div><div class=\"swiper-slide\" role=\"group\" aria-roledescription=\"slide\" aria-label=\"16 of 43\"><figure class=\"swiper-slide-inner\"><img decoding=\"async\" class=\"swiper-slide-image\" src=\"https:\/\/www.ucay.com.tr\/wp-content\/uploads\/2025\/09\/WhatsApp-Gorsel-2024-06-12-saat-09.56.34_d24f0868.jpg\" alt=\"WhatsApp G\u00f6rsel 2024-06-12 saat 09.56.34_d24f0868\" \/><\/figure><\/div><div class=\"swiper-slide\" role=\"group\" aria-roledescription=\"slide\" aria-label=\"17 of 43\"><figure class=\"swiper-slide-inner\"><img decoding=\"async\" class=\"swiper-slide-image\" src=\"https:\/\/www.ucay.com.tr\/wp-content\/uploads\/2025\/09\/WhatsApp-Gorsel-2024-06-12-saat-09.56.36_22a6d7fc-scaled.jpg\" alt=\"WhatsApp G\u00f6rsel 2024-06-12 saat 09.56.36_22a6d7fc\" \/><\/figure><\/div><div class=\"swiper-slide\" role=\"group\" aria-roledescription=\"slide\" aria-label=\"18 of 43\"><figure class=\"swiper-slide-inner\"><img decoding=\"async\" class=\"swiper-slide-image\" src=\"https:\/\/www.ucay.com.tr\/wp-content\/uploads\/2025\/09\/WhatsApp-Gorsel-2024-06-12-saat-09.56.37_8c4763d7-scaled.jpg\" alt=\"WhatsApp G\u00f6rsel 2024-06-12 saat 09.56.37_8c4763d7\" \/><\/figure><\/div><div class=\"swiper-slide\" role=\"group\" aria-roledescription=\"slide\" aria-label=\"19 of 43\"><figure class=\"swiper-slide-inner\"><img decoding=\"async\" class=\"swiper-slide-image\" src=\"https:\/\/www.ucay.com.tr\/wp-content\/uploads\/2025\/09\/WhatsApp-Gorsel-2024-06-12-saat-09.56.37_7214f108-scaled.jpg\" alt=\"WhatsApp G\u00f6rsel 2024-06-12 saat 09.56.37_7214f108\" \/><\/figure><\/div><div class=\"swiper-slide\" role=\"group\" aria-roledescription=\"slide\" aria-label=\"20 of 43\"><figure class=\"swiper-slide-inner\"><img decoding=\"async\" class=\"swiper-slide-image\" src=\"https:\/\/www.ucay.com.tr\/wp-content\/uploads\/2025\/09\/WhatsApp-Gorsel-2024-06-12-saat-09.56.39_5e4e3a64-scaled.jpg\" alt=\"WhatsApp G\u00f6rsel 2024-06-12 saat 09.56.39_5e4e3a64\" \/><\/figure><\/div><div class=\"swiper-slide\" role=\"group\" aria-roledescription=\"slide\" aria-label=\"21 of 43\"><figure class=\"swiper-slide-inner\"><img decoding=\"async\" class=\"swiper-slide-image\" src=\"https:\/\/www.ucay.com.tr\/wp-content\/uploads\/2025\/09\/WhatsApp-Gorsel-2024-06-12-saat-09.56.41_94bca454-scaled.jpg\" alt=\"WhatsApp G\u00f6rsel 2024-06-12 saat 09.56.41_94bca454\" \/><\/figure><\/div><div class=\"swiper-slide\" role=\"group\" aria-roledescription=\"slide\" aria-label=\"22 of 43\"><figure class=\"swiper-slide-inner\"><img decoding=\"async\" class=\"swiper-slide-image\" src=\"https:\/\/www.ucay.com.tr\/wp-content\/uploads\/2025\/09\/WhatsApp-Gorsel-2024-06-12-saat-09.56.41_25886cb3-scaled.jpg\" alt=\"WhatsApp G\u00f6rsel 2024-06-12 saat 09.56.41_25886cb3\" \/><\/figure><\/div><div class=\"swiper-slide\" role=\"group\" aria-roledescription=\"slide\" aria-label=\"23 of 43\"><figure class=\"swiper-slide-inner\"><img decoding=\"async\" class=\"swiper-slide-image\" src=\"https:\/\/www.ucay.com.tr\/wp-content\/uploads\/2025\/09\/WhatsApp-Gorsel-2024-06-12-saat-09.56.41_dfe03f3b-scaled.jpg\" alt=\"WhatsApp G\u00f6rsel 2024-06-12 saat 09.56.41_dfe03f3b\" \/><\/figure><\/div><div class=\"swiper-slide\" role=\"group\" aria-roledescription=\"slide\" aria-label=\"24 of 43\"><figure class=\"swiper-slide-inner\"><img decoding=\"async\" class=\"swiper-slide-image\" src=\"https:\/\/www.ucay.com.tr\/wp-content\/uploads\/2025\/09\/WhatsApp-Gorsel-2024-06-12-saat-09.56.44_a3d64c62-scaled.jpg\" alt=\"WhatsApp G\u00f6rsel 2024-06-12 saat 09.56.44_a3d64c62\" \/><\/figure><\/div><div class=\"swiper-slide\" role=\"group\" aria-roledescription=\"slide\" aria-label=\"25 of 43\"><figure class=\"swiper-slide-inner\"><img decoding=\"async\" class=\"swiper-slide-image\" src=\"https:\/\/www.ucay.com.tr\/wp-content\/uploads\/2025\/09\/WhatsApp-Gorsel-2024-06-12-saat-09.56.47_7c983347-scaled.jpg\" alt=\"WhatsApp G\u00f6rsel 2024-06-12 saat 09.56.47_7c983347\" \/><\/figure><\/div><div class=\"swiper-slide\" role=\"group\" aria-roledescription=\"slide\" aria-label=\"26 of 43\"><figure class=\"swiper-slide-inner\"><img decoding=\"async\" class=\"swiper-slide-image\" src=\"https:\/\/www.ucay.com.tr\/wp-content\/uploads\/2025\/09\/WhatsApp-Gorsel-2024-06-12-saat-09.56.48_73706c21-scaled.jpg\" alt=\"WhatsApp G\u00f6rsel 2024-06-12 saat 09.56.48_73706c21\" \/><\/figure><\/div><div class=\"swiper-slide\" role=\"group\" aria-roledescription=\"slide\" aria-label=\"27 of 43\"><figure class=\"swiper-slide-inner\"><img decoding=\"async\" class=\"swiper-slide-image\" src=\"https:\/\/www.ucay.com.tr\/wp-content\/uploads\/2025\/09\/WhatsApp-Gorsel-2024-06-12-saat-09.56.55_42de764b-scaled.jpg\" alt=\"WhatsApp G\u00f6rsel 2024-06-12 saat 09.56.55_42de764b\" \/><\/figure><\/div><div class=\"swiper-slide\" role=\"group\" aria-roledescription=\"slide\" aria-label=\"28 of 43\"><figure class=\"swiper-slide-inner\"><img decoding=\"async\" class=\"swiper-slide-image\" src=\"https:\/\/www.ucay.com.tr\/wp-content\/uploads\/2025\/09\/WhatsApp-Gorsel-2024-06-12-saat-09.56.57_1bf962a0-scaled.jpg\" alt=\"WhatsApp G\u00f6rsel 2024-06-12 saat 09.56.57_1bf962a0\" \/><\/figure><\/div><div class=\"swiper-slide\" role=\"group\" aria-roledescription=\"slide\" aria-label=\"29 of 43\"><figure class=\"swiper-slide-inner\"><img decoding=\"async\" class=\"swiper-slide-image\" src=\"https:\/\/www.ucay.com.tr\/wp-content\/uploads\/2025\/09\/WhatsApp-Gorsel-2024-06-12-saat-09.56.58_3d887cb4-scaled.jpg\" alt=\"WhatsApp G\u00f6rsel 2024-06-12 saat 09.56.58_3d887cb4\" \/><\/figure><\/div><div class=\"swiper-slide\" role=\"group\" aria-roledescription=\"slide\" aria-label=\"30 of 43\"><figure class=\"swiper-slide-inner\"><img decoding=\"async\" class=\"swiper-slide-image\" src=\"https:\/\/www.ucay.com.tr\/wp-content\/uploads\/2025\/09\/WhatsApp-Gorsel-2024-06-12-saat-09.57.00_65f0e0be-scaled.jpg\" alt=\"WhatsApp G\u00f6rsel 2024-06-12 saat 09.57.00_65f0e0be\" \/><\/figure><\/div><div class=\"swiper-slide\" role=\"group\" aria-roledescription=\"slide\" aria-label=\"31 of 43\"><figure class=\"swiper-slide-inner\"><img decoding=\"async\" class=\"swiper-slide-image\" src=\"https:\/\/www.ucay.com.tr\/wp-content\/uploads\/2025\/09\/WhatsApp-Gorsel-2024-06-12-saat-09.57.00_2848dae7-scaled.jpg\" alt=\"WhatsApp G\u00f6rsel 2024-06-12 saat 09.57.00_2848dae7\" \/><\/figure><\/div><div class=\"swiper-slide\" role=\"group\" aria-roledescription=\"slide\" aria-label=\"32 of 43\"><figure class=\"swiper-slide-inner\"><img decoding=\"async\" class=\"swiper-slide-image\" src=\"https:\/\/www.ucay.com.tr\/wp-content\/uploads\/2025\/09\/WhatsApp-Gorsel-2024-06-12-saat-09.57.02_0022674b-scaled.jpg\" alt=\"WhatsApp G\u00f6rsel 2024-06-12 saat 09.57.02_0022674b\" \/><\/figure><\/div><div class=\"swiper-slide\" role=\"group\" aria-roledescription=\"slide\" aria-label=\"33 of 43\"><figure class=\"swiper-slide-inner\"><img decoding=\"async\" class=\"swiper-slide-image\" src=\"https:\/\/www.ucay.com.tr\/wp-content\/uploads\/2025\/09\/WhatsApp-Gorsel-2024-06-12-saat-09.57.03_03fcdb02-scaled.jpg\" alt=\"WhatsApp G\u00f6rsel 2024-06-12 saat 09.57.03_03fcdb02\" \/><\/figure><\/div><div class=\"swiper-slide\" role=\"group\" aria-roledescription=\"slide\" aria-label=\"34 of 43\"><figure class=\"swiper-slide-inner\"><img decoding=\"async\" class=\"swiper-slide-image\" src=\"https:\/\/www.ucay.com.tr\/wp-content\/uploads\/2025\/09\/WhatsApp-Gorsel-2024-06-12-saat-09.57.03_16e16dbf-scaled.jpg\" alt=\"WhatsApp G\u00f6rsel 2024-06-12 saat 09.57.03_16e16dbf\" \/><\/figure><\/div><div class=\"swiper-slide\" role=\"group\" aria-roledescription=\"slide\" aria-label=\"35 of 43\"><figure class=\"swiper-slide-inner\"><img decoding=\"async\" class=\"swiper-slide-image\" src=\"https:\/\/www.ucay.com.tr\/wp-content\/uploads\/2025\/09\/WhatsApp-Gorsel-2024-06-12-saat-09.57.04_5fd93dd3-scaled.jpg\" alt=\"WhatsApp G\u00f6rsel 2024-06-12 saat 09.57.04_5fd93dd3\" \/><\/figure><\/div><div class=\"swiper-slide\" role=\"group\" aria-roledescription=\"slide\" aria-label=\"36 of 43\"><figure class=\"swiper-slide-inner\"><img decoding=\"async\" class=\"swiper-slide-image\" src=\"https:\/\/www.ucay.com.tr\/wp-content\/uploads\/2025\/09\/WhatsApp-Gorsel-2024-06-12-saat-09.54.09_1dd98193.jpg\" alt=\"WhatsApp G\u00f6rsel 2024-06-12 saat 09.54.09_1dd98193\" \/><\/figure><\/div><div class=\"swiper-slide\" role=\"group\" aria-roledescription=\"slide\" aria-label=\"37 of 43\"><figure class=\"swiper-slide-inner\"><img decoding=\"async\" class=\"swiper-slide-image\" src=\"https:\/\/www.ucay.com.tr\/wp-content\/uploads\/2025\/09\/WhatsApp-Gorsel-2024-06-12-saat-09.54.09_2f2cbca2.jpg\" alt=\"WhatsApp G\u00f6rsel 2024-06-12 saat 09.54.09_2f2cbca2\" \/><\/figure><\/div><div class=\"swiper-slide\" role=\"group\" aria-roledescription=\"slide\" aria-label=\"38 of 43\"><figure class=\"swiper-slide-inner\"><img decoding=\"async\" class=\"swiper-slide-image\" src=\"https:\/\/www.ucay.com.tr\/wp-content\/uploads\/2025\/09\/WhatsApp-Gorsel-2024-06-12-saat-09.54.09_7d4a4bf7.jpg\" alt=\"WhatsApp G\u00f6rsel 2024-06-12 saat 09.54.09_7d4a4bf7\" \/><\/figure><\/div><div class=\"swiper-slide\" role=\"group\" aria-roledescription=\"slide\" aria-label=\"39 of 43\"><figure class=\"swiper-slide-inner\"><img decoding=\"async\" class=\"swiper-slide-image\" src=\"https:\/\/www.ucay.com.tr\/wp-content\/uploads\/2025\/09\/WhatsApp-Gorsel-2024-06-12-saat-09.54.09_2065afa5.jpg\" alt=\"WhatsApp G\u00f6rsel 2024-06-12 saat 09.54.09_2065afa5\" \/><\/figure><\/div><div class=\"swiper-slide\" role=\"group\" aria-roledescription=\"slide\" aria-label=\"40 of 43\"><figure class=\"swiper-slide-inner\"><img decoding=\"async\" class=\"swiper-slide-image\" src=\"https:\/\/www.ucay.com.tr\/wp-content\/uploads\/2025\/09\/WhatsApp-Gorsel-2024-06-12-saat-09.54.09_6922a6de.jpg\" alt=\"WhatsApp G\u00f6rsel 2024-06-12 saat 09.54.09_6922a6de\" \/><\/figure><\/div><div class=\"swiper-slide\" role=\"group\" aria-roledescription=\"slide\" aria-label=\"41 of 43\"><figure class=\"swiper-slide-inner\"><img decoding=\"async\" class=\"swiper-slide-image\" src=\"https:\/\/www.ucay.com.tr\/wp-content\/uploads\/2025\/09\/WhatsApp-Gorsel-2024-06-12-saat-09.54.09_da7e6ba6.jpg\" alt=\"WhatsApp G\u00f6rsel 2024-06-12 saat 09.54.09_da7e6ba6\" \/><\/figure><\/div><div class=\"swiper-slide\" role=\"group\" aria-roledescription=\"slide\" aria-label=\"42 of 43\"><figure class=\"swiper-slide-inner\"><img decoding=\"async\" class=\"swiper-slide-image\" src=\"https:\/\/www.ucay.com.tr\/wp-content\/uploads\/2025\/09\/WhatsApp-Gorsel-2024-06-12-saat-09.54.10_4c054af0.jpg\" alt=\"WhatsApp G\u00f6rsel 2024-06-12 saat 09.54.10_4c054af0\" \/><\/figure><\/div><div class=\"swiper-slide\" role=\"group\" aria-roledescription=\"slide\" aria-label=\"43 of 43\"><figure class=\"swiper-slide-inner\"><img decoding=\"async\" class=\"swiper-slide-image\" src=\"https:\/\/www.ucay.com.tr\/wp-content\/uploads\/2025\/09\/WhatsApp-Gorsel-2024-06-12-saat-09.54.10_86350475.jpg\" alt=\"WhatsApp G\u00f6rsel 2024-06-12 saat 09.54.10_86350475\" \/><\/figure><\/div>\t\t\t<\/div>\n\t\t\t\t\t\t\t\t\t\t\t\t<div class=\"elementor-swiper-button elementor-swiper-button-prev\" role=\"button\" tabindex=\"0\">\n\t\t\t\t\t\t<i aria-hidden=\"true\" class=\"eicon-chevron-left\"><\/i>\t\t\t\t\t<\/div>\n\t\t\t\t\t<div class=\"elementor-swiper-button elementor-swiper-button-next\" role=\"button\" tabindex=\"0\">\n\t\t\t\t\t\t<i aria-hidden=\"true\" class=\"eicon-chevron-right\"><\/i>\t\t\t\t\t<\/div>\n\t\t\t\t\n\t\t\t\t\t\t\t\t\t<div class=\"swiper-pagination\"><\/div>\n\t\t\t\t\t\t\t\t\t<\/div>\n\t\t\t\t\t\t<\/div>\n\t\t\t\t<\/div>\n\t\t\t\t\t<\/div>\n\t\t<\/div>\n\t\t\t\t<div class=\"elementor-column elementor-col-33 elementor-top-column elementor-element elementor-element-1153bf90\" data-id=\"1153bf90\" data-element_type=\"column\" data-e-type=\"column\">\n\t\t\t<div class=\"elementor-widget-wrap elementor-element-populated\">\n\t\t\t\t\t\t<div class=\"elementor-element elementor-element-3d5631f8 elementor-widget elementor-widget-text-editor\" data-id=\"3d5631f8\" data-element_type=\"widget\" data-e-type=\"widget\" data-widget_type=\"text-editor.default\">\n\t\t\t\t<div class=\"elementor-widget-container\">\n\t\t\t\t\t\t\t\t\t<section class=\"project-info\" style=\"text-align:center;\">\n  <p style=\"font-weight:bold; color:#333333;\">Project Owner<\/p>\n  <p style=\"color:#7a7a7a; margin-bottom:20px;\">Hakan K\u0131l\u0131\u00e7<\/p>\n\n  <p style=\"font-weight:bold; color:#333333;\">Project Name<\/p>\n  <p style=\"color:#7a7a7a; margin-bottom:20px;\">Hakan K\u0131l\u0131\u00e7 \u2013 MES Solar Power Plant Project<\/p>\n\n  <p style=\"font-weight:bold; color:#333333;\">Field of Activity<\/p>\n  <p style=\"color:#7a7a7a; margin-bottom:20px;\">MES Solar Power System<\/p>\n\n  <p style=\"font-weight:bold; color:#333333;\">City \/ District<\/p>\n  <p style=\"color:#7a7a7a; margin-bottom:20px;\">Mu\u011fla \/ Bodrum<\/p>\n\n  <p style=\"font-weight:bold; color:#333333;\">Project Capacity<\/p>\n  <p style=\"color:#7a7a7a;\">8.19 kWp<\/p>\n<\/section>\n\t\t\t\t\t\t\t\t<\/div>\n\t\t\t\t<\/div>\n\t\t\t\t\t<\/div>\n\t\t<\/div>\n\t\t\t\t\t<\/div>\n\t\t<\/section>\n\t\t\t\t<\/div>\n\t\t","protected":false},"excerpt":{"rendered":"<p>Project Owner Hakan K\u0131l\u0131\u00e7 Project Name Hakan K\u0131l\u0131\u00e7 \u2013 MES Solar Power Plant Project Field of Activity MES Solar Power System City \/ District Mu\u011fla \/ Bodrum Project Capacity 8.19 kWp<\/p>\n","protected":false},"author":4,"featured_media":0,"parent":0,"menu_order":0,"comment_status":"closed","ping_status":"closed","template":"page-templates\/template-fullwidth.php","meta":{"om_disable_all_campaigns":false,"_monsterinsights_skip_tracking":false,"_monsterinsights_sitenote_active":false,"_monsterinsights_sitenote_note":"","_monsterinsights_sitenote_category":0,"_uf_show_specific_survey":0,"_uf_disable_surveys":false,"footnotes":""},"class_list":["post-8768","page","type-page","status-publish","hentry"],"acf":[],"aioseo_notices":[],"_links":{"self":[{"href":"https:\/\/www.ucay.com.tr\/en\/wp-json\/wp\/v2\/pages\/8768","targetHints":{"allow":["GET"]}}],"collection":[{"href":"https:\/\/www.ucay.com.tr\/en\/wp-json\/wp\/v2\/pages"}],"about":[{"href":"https:\/\/www.ucay.com.tr\/en\/wp-json\/wp\/v2\/types\/page"}],"author":[{"embeddable":true,"href":"https:\/\/www.ucay.com.tr\/en\/wp-json\/wp\/v2\/users\/4"}],"replies":[{"embeddable":true,"href":"https:\/\/www.ucay.com.tr\/en\/wp-json\/wp\/v2\/comments?post=8768"}],"version-history":[{"count":4,"href":"https:\/\/www.ucay.com.tr\/en\/wp-json\/wp\/v2\/pages\/8768\/revisions"}],"predecessor-version":[{"id":8772,"href":"https:\/\/www.ucay.com.tr\/en\/wp-json\/wp\/v2\/pages\/8768\/revisions\/8772"}],"wp:attachment":[{"href":"https:\/\/www.ucay.com.tr\/en\/wp-json\/wp\/v2\/media?parent=8768"}],"curies":[{"name":"wp","href":"https:\/\/api.w.org\/{rel}","templated":true}]}}